{"id":15961,"date":"2021-08-27T11:55:26","date_gmt":"2021-08-27T11:55:26","guid":{"rendered":"http:\/\/dummy.xtemos.com\/woodmart2\/elementor\/?post_type=product&#038;p=361"},"modified":"2024-12-18T07:14:51","modified_gmt":"2024-12-18T07:14:51","slug":"iphone-dock-2","status":"publish","type":"product","link":"https:\/\/khoailacphuc.dev.mkit.vn\/en\/product\/iphone-dock-2\/","title":{"rendered":"N\u1eafp l\u1ecd"},"content":{"rendered":"<p><img fetchpriority=\"high\" decoding=\"async\" class=\"alignnone  wp-image-16344\" src=\"https:\/\/khoailacphuc.dev.mkit.vn\/wp-content\/uploads\/2021\/08\/0007-400x200.jpg\" alt=\"\" width=\"1036\" height=\"518\" srcset=\"https:\/\/khoailacphuc.dev.mkit.vn\/wp-content\/uploads\/2021\/08\/0007-400x200.jpg 400w, https:\/\/khoailacphuc.dev.mkit.vn\/wp-content\/uploads\/2021\/08\/0007-1300x650.jpg 1300w, https:\/\/khoailacphuc.dev.mkit.vn\/wp-content\/uploads\/2021\/08\/0007-768x384.jpg 768w, https:\/\/khoailacphuc.dev.mkit.vn\/wp-content\/uploads\/2021\/08\/0007-1536x768.jpg 1536w, https:\/\/khoailacphuc.dev.mkit.vn\/wp-content\/uploads\/2021\/08\/0007-2048x1024.jpg 2048w, https:\/\/khoailacphuc.dev.mkit.vn\/wp-content\/uploads\/2021\/08\/0007-430x215.jpg 430w, https:\/\/khoailacphuc.dev.mkit.vn\/wp-content\/uploads\/2021\/08\/0007-700x350.jpg 700w, https:\/\/khoailacphuc.dev.mkit.vn\/wp-content\/uploads\/2021\/08\/0007-150x75.jpg 150w\" sizes=\"(max-width: 1036px) 100vw, 1036px\" \/><\/p>\n","protected":false},"excerpt":{"rendered":"<p><strong>N\u1eafp l\u1ecd<\/strong> l\u00e0 m\u1ed9t b\u1ed9 ph\u1eadn kh\u00f4ng th\u1ec3 thi\u1ebfu c\u1ee7a bao b\u00ec, \u0111\u00f3ng vai tr\u00f2 quan tr\u1ecdng trong vi\u1ec7c b\u1ea3o qu\u1ea3n s\u1ea3n ph\u1ea9m b\u00ean trong, \u0111\u1ed3ng th\u1eddi g\u00f3p ph\u1ea7n t\u1ea1o n\u00ean h\u00ecnh \u1ea3nh th\u1ea9m m\u1ef9 cho s\u1ea3n ph\u1ea9m.<\/p>\n","protected":false},"featured_media":16082,"template":"","meta":[],"product_cat":[207],"product_tag":[],"class_list":{"0":"post-15961","1":"product","2":"type-product","3":"status-publish","4":"has-post-thumbnail","6":"product_cat-nap-lo-thuy-tinh","8":"first","9":"instock","10":"shipping-taxable","11":"product-type-simple"},"_links":{"self":[{"href":"https:\/\/khoailacphuc.dev.mkit.vn\/en\/wp-json\/wp\/v2\/product\/15961","targetHints":{"allow":["GET"]}}],"collection":[{"href":"https:\/\/khoailacphuc.dev.mkit.vn\/en\/wp-json\/wp\/v2\/product"}],"about":[{"href":"https:\/\/khoailacphuc.dev.mkit.vn\/en\/wp-json\/wp\/v2\/types\/product"}],"version-history":[{"count":3,"href":"https:\/\/khoailacphuc.dev.mkit.vn\/en\/wp-json\/wp\/v2\/product\/15961\/revisions"}],"predecessor-version":[{"id":16362,"href":"https:\/\/khoailacphuc.dev.mkit.vn\/en\/wp-json\/wp\/v2\/product\/15961\/revisions\/16362"}],"wp:featuredmedia":[{"embeddable":true,"href":"https:\/\/khoailacphuc.dev.mkit.vn\/en\/wp-json\/wp\/v2\/media\/16082"}],"wp:attachment":[{"href":"https:\/\/khoailacphuc.dev.mkit.vn\/en\/wp-json\/wp\/v2\/media?parent=15961"}],"wp:term":[{"taxonomy":"product_cat","embeddable":true,"href":"https:\/\/khoailacphuc.dev.mkit.vn\/en\/wp-json\/wp\/v2\/product_cat?post=15961"},{"taxonomy":"product_tag","embeddable":true,"href":"https:\/\/khoailacphuc.dev.mkit.vn\/en\/wp-json\/wp\/v2\/product_tag?post=15961"}],"curies":[{"name":"wp","href":"https:\/\/api.w.org\/{rel}","templated":true}]}}