{"id":15973,"date":"2021-08-27T12:19:36","date_gmt":"2021-08-27T12:19:36","guid":{"rendered":"http:\/\/dummy.xtemos.com\/woodmart2\/elementor\/?post_type=product&#038;p=411"},"modified":"2024-12-17T04:57:24","modified_gmt":"2024-12-17T04:57:24","slug":"henectus-tincidunt-2","status":"publish","type":"product","link":"https:\/\/khoailacphuc.dev.mkit.vn\/en\/product\/henectus-tincidunt-2\/","title":{"rendered":"N\u1eafp chai \u042432 nh\u00f4m in logo"},"content":{"rendered":"<p>Lorem ipsum dolor sit amet consectetur adipiscing elit, praesent curabitur mus mollis lacus maecenas nascetur sed, hac class in tempus nullam habitant curae, massa metus lobortis ridiculus et placerat. Vehicula scelerisque ac taciti aptent curae sed metus, blandit risus mi nisi feugiat lectus rhoncus laoreet, quis libero platea eleifend enim nulla. Est nulla lacinia ullamcorper suspendisse morbi torquent diam lacus quis mus mauris fusce euismod eros a, ut sodales commodo justo hac sagittis libero vehicula curabitur nascetur dis urna faucibus. Primis gravida non enim vel aenean pharetra sodales lacus cras fringilla, cum duis porttitor rutrum eros conubia mus mi varius, dictumst justo bibendum netus ultrices est platea euismod volutpat. Non phasellus platea neque curae mi sagittis ultrices natoque cubilia fames praesent bibendum, aenean placerat dis sapien pellentesque mus arcu volutpat mauris nunc. Urna libero felis sociis dis interdum penatibus massa parturient commodo per, primis suscipit eleifend lectus aenean duis senectus suspendisse enim, iaculis quisque hac aptent turpis vulputate fusce augue ac.<\/p>\n","protected":false},"excerpt":{"rendered":"<p><strong>N\u1eafp l\u1ecd<\/strong> l\u00e0 m\u1ed9t b\u1ed9 ph\u1eadn kh\u00f4ng th\u1ec3 thi\u1ebfu c\u1ee7a bao b\u00ec, \u0111\u00f3ng vai tr\u00f2 quan tr\u1ecdng trong vi\u1ec7c b\u1ea3o qu\u1ea3n s\u1ea3n ph\u1ea9m b\u00ean trong, \u0111\u1ed3ng th\u1eddi g\u00f3p ph\u1ea7n t\u1ea1o n\u00ean h\u00ecnh \u1ea3nh th\u1ea9m m\u1ef9 cho s\u1ea3n ph\u1ea9m.<\/p>\n","protected":false},"featured_media":16043,"template":"","meta":[],"product_cat":[207],"product_tag":[],"class_list":{"0":"post-15973","1":"product","2":"type-product","3":"status-publish","4":"has-post-thumbnail","6":"product_cat-nap-lo-thuy-tinh","8":"first","9":"instock","10":"shipping-taxable","11":"purchasable","12":"product-type-simple"},"_links":{"self":[{"href":"https:\/\/khoailacphuc.dev.mkit.vn\/en\/wp-json\/wp\/v2\/product\/15973","targetHints":{"allow":["GET"]}}],"collection":[{"href":"https:\/\/khoailacphuc.dev.mkit.vn\/en\/wp-json\/wp\/v2\/product"}],"about":[{"href":"https:\/\/khoailacphuc.dev.mkit.vn\/en\/wp-json\/wp\/v2\/types\/product"}],"version-history":[{"count":2,"href":"https:\/\/khoailacphuc.dev.mkit.vn\/en\/wp-json\/wp\/v2\/product\/15973\/revisions"}],"predecessor-version":[{"id":16283,"href":"https:\/\/khoailacphuc.dev.mkit.vn\/en\/wp-json\/wp\/v2\/product\/15973\/revisions\/16283"}],"wp:featuredmedia":[{"embeddable":true,"href":"https:\/\/khoailacphuc.dev.mkit.vn\/en\/wp-json\/wp\/v2\/media\/16043"}],"wp:attachment":[{"href":"https:\/\/khoailacphuc.dev.mkit.vn\/en\/wp-json\/wp\/v2\/media?parent=15973"}],"wp:term":[{"taxonomy":"product_cat","embeddable":true,"href":"https:\/\/khoailacphuc.dev.mkit.vn\/en\/wp-json\/wp\/v2\/product_cat?post=15973"},{"taxonomy":"product_tag","embeddable":true,"href":"https:\/\/khoailacphuc.dev.mkit.vn\/en\/wp-json\/wp\/v2\/product_tag?post=15973"}],"curies":[{"name":"wp","href":"https:\/\/api.w.org\/{rel}","templated":true}]}}